{"id":48,"date":"2025-11-09T21:38:28","date_gmt":"2025-11-09T20:38:28","guid":{"rendered":"http:\/\/localhost\/?page_id=48"},"modified":"2025-11-13T11:57:47","modified_gmt":"2025-11-13T10:57:47","slug":"kontakt","status":"publish","type":"page","link":"https:\/\/wtzczersk.pl\/?page_id=48","title":{"rendered":"Kontakt"},"content":{"rendered":"\n<div style=\"height:20px\" aria-hidden=\"true\" class=\"wp-block-spacer\"><\/div>\n\n\n\n<div class=\"wp-block-group alignwide is-vertical is-content-justification-center is-layout-flex wp-container-core-group-is-layout-f9a93ed8 wp-block-group-is-layout-flex\">\n<p class=\"has-text-align-center is-style-text-subtitle is-style-text-subtitle--1\"><strong>Stowarzyszenie Dzia\u0142aj\u0105ce na Rzecz Os\u00f3b Niepe\u0142nosprawnych<\/strong><\/p>\n\n\n\n<div style=\"height:0px\" aria-hidden=\"true\" class=\"wp-block-spacer wp-container-content-16d1eb73\"><\/div>\n\n\n\n<p>Warsztat Terapii Zaj\u0119ciowej<\/p>\n\n\n\n<p>ul. Pomorska 12, 89-650 Czersk<\/p>\n\n\n\n<div style=\"height:0px\" aria-hidden=\"true\" class=\"wp-block-spacer wp-container-content-16d1eb73\"><\/div>\n<\/div>\n\n\n\n<p class=\"has-text-align-center\">Numery telefon\u00f3w:<\/p>\n\n\n\n<p class=\"has-text-align-center\"><a href=\"tel:530118825\">530118825<\/a><\/p>\n\n\n\n<p class=\"has-text-align-center\"><a href=\"tel:523984506\">523984506<\/a><\/p>\n\n\n\n<div style=\"height:20px\" aria-hidden=\"true\" class=\"wp-block-spacer\"><\/div>\n\n\n\n<p class=\"has-text-align-center\">Adresy e-mail:<\/p>\n\n\n\n<p class=\"has-text-align-center\"><a href=\"mailto:kierownik@wtzczersk.pl\">kierownik@wtzczersk.pl<\/a><\/p>\n\n\n\n<p class=\"has-text-align-center\"><a href=\"mailto:ksiegowa@wtzczersk.pl\">ksiegowa@wtzczersk.pl<\/a><\/p>\n\n\n\n<div style=\"height:20px\" aria-hidden=\"true\" class=\"wp-block-spacer\"><\/div>\n\n\n\n<p class=\"has-text-align-center\">NIP: 5551860534<\/p>\n\n\n\n<p class=\"has-text-align-center\">REGON: 771477624<\/p>\n\n\n\n<p><\/p>\n","protected":false},"excerpt":{"rendered":"<p>Stowarzyszenie Dzia\u0142aj\u0105ce na Rzecz Os\u00f3b Niepe\u0142nosprawnych Warsztat Terapii Zaj\u0119ciowej ul. Pomorska 12, 89-650 Czersk Numery telefon\u00f3w: 530118825 523984506 Adresy e-mail: kierownik@wtzczersk.pl ksiegowa@wtzczersk.pl NIP: 5551860534 REGON: 771477624<\/p>\n","protected":false},"author":1,"featured_media":0,"parent":0,"menu_order":0,"comment_status":"closed","ping_status":"closed","template":"","meta":{"ngg_post_thumbnail":0,"footnotes":""},"class_list":["post-48","page","type-page","status-publish","hentry"],"_links":{"self":[{"href":"https:\/\/wtzczersk.pl\/index.php?rest_route=\/wp\/v2\/pages\/48","targetHints":{"allow":["GET"]}}],"collection":[{"href":"https:\/\/wtzczersk.pl\/index.php?rest_route=\/wp\/v2\/pages"}],"about":[{"href":"https:\/\/wtzczersk.pl\/index.php?rest_route=\/wp\/v2\/types\/page"}],"author":[{"embeddable":true,"href":"https:\/\/wtzczersk.pl\/index.php?rest_route=\/wp\/v2\/users\/1"}],"replies":[{"embeddable":true,"href":"https:\/\/wtzczersk.pl\/index.php?rest_route=%2Fwp%2Fv2%2Fcomments&post=48"}],"version-history":[{"count":13,"href":"https:\/\/wtzczersk.pl\/index.php?rest_route=\/wp\/v2\/pages\/48\/revisions"}],"predecessor-version":[{"id":83,"href":"https:\/\/wtzczersk.pl\/index.php?rest_route=\/wp\/v2\/pages\/48\/revisions\/83"}],"wp:attachment":[{"href":"https:\/\/wtzczersk.pl\/index.php?rest_route=%2Fwp%2Fv2%2Fmedia&parent=48"}],"curies":[{"name":"wp","href":"https:\/\/api.w.org\/{rel}","templated":true}]}}